{"id":33,"date":"2020-07-11T20:40:46","date_gmt":"2020-07-11T20:40:46","guid":{"rendered":"http:\/\/www.cabarnet.nl\/?page_id=33"},"modified":"2020-07-19T20:57:56","modified_gmt":"2020-07-19T20:57:56","slug":"cabarnet","status":"publish","type":"page","link":"https:\/\/www.cabarnet.nl\/index.php\/cabarnet\/","title":{"rendered":"cabarnet &#8211; Wie zijn wij?"},"content":{"rendered":"\n<h1 class=\"wp-block-heading\">Ontstaan Cabarnet<\/h1>\n\n\n\n<p>Het tweejaarlijkse Cigr\u00e9 congres in Parijs kent een lange traditie, waar ook de Nederlandse avond in het restaurant Pr\u00e9catelan in het Bois de Boulogne toe hoort. De toenmalige drie groten van de Nederlandse elektrotechnische industrie: Coq, NKF en Smit boden telkens een diner aan de Nederlandse klanten aan; vanaf onderdirecteur van de elektriciteitsbedrijven met indien meegekomen echtgenote en een verdwaalde binnengeslopen Kemanees werden onthaald.<\/p>\n\n\n\n<p>De tafelspeeches waren in het algemeen dermate saai, dat men in 1988 blij was Maarten als buutreedner te kunnen inviteren. Twee jaar later was er optreden met Paul Leufkens achter de piano en Fred voor de zang, onder de naam \u2018De Drie Musketiers\u201d. Dit trio werd overigens ook vanuit NUON respectievelijk NKF en KEMA, projectleiders voor het zogenaamde Kunststof Distributiekabel project.<\/p>\n\n\n\n<p>Vanaf \u201995 werd ook bij andere gelegenheden opgetreden en sinds \u201997 bij Cired bijzonder spontaan om niet te zeggen onvoorbereid. In 1998 werd Cabarnet uitgebreid met Paul Giesbertz, \u2019n paar jaar later Martin Dorgelo en regelmatig hebben we met andere gastleden samen mogen werken.<\/p>\n\n\n\n<p>Het jaar 2000 gaf letterlijk een breuk met en in de sponsoren, sommige gingen, andere kwamen. In 2006 werd de Nederlandse avond gesponsord door: Amec Spie, KEMA, NUON, Prysmian, Siemens, Smit Nijmegen.<\/p>\n\n\n\n<h1 class=\"wp-block-heading\">Wie zijn wij?<\/h1>\n\n\n\n<p><em>Maarten van Riet<\/em> kreeg tijdens de Nederlandse avond van Cigr\u00e9 2006 in Parijs te horen dat hem het erelidmaatschap van Cigr\u00e9 was toegekend. Daarbij werd uitdrukkelijk vermeld, dat dit niet gebeurde vanwege zijn \u2018outstanding\u2019 kwaliteiten als cabaretier, maar vanwege zijn grote technische verdiensten en vele innovaties vanuit zijn eeuwige liefde NUON. Zijn alter ego \u201cTinus de stroomboer\u201d is geboren op het Brabantse platteland met optredens voor de RK jeugdsoci\u00ebteit. Maarten heeft veel storingen met gevoel voor humor opgelost, maar moest diepgaan om de schoonheid van Black Monday (4 januari 1993) te zien. Toch kon hij toen dichten:<\/p>\n\n\n\n<p><em>Een storing..<\/em><\/p>\n\n\n\n<p><em>Een storing heb je nodig stil en oprecht<\/em><\/p>\n\n\n\n<p><em>Een storing die als het er op aankomt voor je bidt en voor je vecht\u2026<\/em><\/p>\n\n\n\n<p><em>Pas als een storing komt die je pakt en je hele landje nekt\u2026<\/em><\/p>\n\n\n\n<p><em>Dan pas kunnen we zeggen: we hebben weer een project\u2026\u2026..<\/em><\/p>\n\n\n\n<p>Toen NKF in 1989 zijn 75-jarig bestaan vierde was er een optreden van \u2018professioneel\u2019 cabaret, o.a. mannen van <em>Farce Majeure<\/em>.&nbsp; <em>Paul Leufkens<\/em> zat in de zaal en dacht toen hij de toespelingen op de borsten van Vanessa hoorde: \u2018dat kan beter\u2019. In diezelfde tijd benaderde Maarten hem om mee te doen vanachter de piano mede omdat Paul hem in \u201888 wat grapjes aangereikt had. Een van zijn eerste liedjes was \u201cik heb eerbied voor jouw jute vezels\u201d over de GPLK. In 1998 dichtte hij de onsterfelijke lied opening \u201cingenieur, okselgeur\u201d en schreef en zong Paul \u201cGoodbye adviseur<a href=\"#_ftn1\">[1]<\/a>\u201d. Twee jaar later was hij er zelf een bij Berenschot. Hoewel Paul inmiddels weer netjes in de sector werkt, is wel een trend gezet: Fred, Paul Giesbertz en zelfs Maarten hebben tegenwoordig \u201cconsultant\u201d op hun visitekaartjes staan. Vanwege potenti\u00eble verwarring met de andere, lange Paul noemt Paul Leufkens zich ook wel <em>P\u00e8p\u00e8<\/em>, wat slaat op zijn twee voorletters. Inmiddels draagt hij vanuit Amerika m.n. zorg voor het internationale aspect.<\/p>\n\n\n\n<p><em>Fred Steennis<\/em> is de enige doctor in ons gezelschap. Gepromoveerd op waterbomen, zowel \u2018de\u2019 waterbomen als \u2018het\u2019 bomen als buitengewoon hoogleraar in Eindhoven. Maarten benaderde Fred tegelijk met P\u00e8p\u00e8, speciaal voor de zang. Fred is niet alleen de man met prachtige stem, maar ook voor de techniek, zowel de film als de elektrische piano en installatie. Sommige \u2018roots\u2019 van Fred zijn zichtbaar aan het lied dat hij maakte op \u2018het testament\u2019 van Boudewijn de Groot en zijn \u2018flower power\u2019 optreden bij Cired in Amsterdam. Fred is bariton, maar vlak hem ook niet uit als pianist. Waar P\u00e8p\u00e8 graag keet mag maken is Fred perfectionist. Bij de viering van Freds 50<sup>e<\/sup> verjaardag seinde Paul hem \u2018life, met dank aan Broadcasting India\u2019 een groet toe, waarin de verzuchting, dat je wel kon merken, dat Fred er niet bij was voor de techniek, dan was de verbinding niet zo slecht geweest. Fred zegt van hemzelf dat hij geen grappenmaker is en misschien daarom is hij er de laatste jaren niet bij.<\/p>\n\n\n\n<p><em>Paul Giesbertz<\/em> werd door Fred opgemerkt in het KEMA-koor en toen P\u00e8p\u00e8 na een van zijn wisselingen van werkgever weer eens twijfelde of hij mee zou doen met de voorbereidingen voor Cigr\u00e9 leek het in 1998 raadzaam een reserve te hebben. Hij gooide meteen zijn volle lengte in de strijd als pantograaf scheider in het lied \u2018Op \u2019n klein stationnetje\u2019. Wat om defensieve redenen begon bleek een bron van nieuwe creatieve kracht, Paul zingt een goede tenor, speelt ook piano, ukelele en accordeon. Hoe hij typetjes naspeelt, bijv. dr. Clavan en de Japanse bankdirecteur zou hij zo met Van Kooten en De Bie of Koefnoen mee kunnen doen. Lange Paul trouwde met de Wit Russische Vita Okunevich (we gingen naar Minsk met de trein, \u2019t was te ver voor de fiets) en noemen hem ook wel Pavel. Hij ging \u2019n tijd vreemd met de DTe.<\/p>\n\n\n\n<p>Martin Dorgelo, origineel van KEMA (\u2019t Zal ook eens niet) zat met Maarten en Fred in het Informeel Koornmarkt Overleg en dat mag iets zeggen over zijn creativiteit. Bij het CIGRE optreden in 2006 \u201cstress in energiesystemen\u201d speelde hij de rol van \u2019n wat ge\u00efrriteerde voorzitter van deze speciale sessie. Hij bracht zijn ICT-vaardigheden in met \u2019n overduidelijke PowerPointpresentatie die n-dimensionale logica bracht in onze eenvoudige E-wereld. Ook thuis leeft hij in parallelle universums: als chef (vraag om zijn lamsbout), qua verbouwing van zijn bakkerij en niet te vergeten in zijn klassieke auto\u2019s. &nbsp;<\/p>\n\n\n\n<p>Wij hebben de nodige dingen gemeen: Fred en Pavel hebben beide eens de Hidde Nijland prijs gewonnen. De beide Paulen en Ma(a)rtens hebben natuurlijk hun namen gemeen. Maarten en P\u00e8p\u00e8 hebben een behoorlijk dikke kop. Gevijven delen wij een gezond wantrouwen voor adviseurs &amp; management en liefde voor de wetten van Maxwell, spanning en stroom en ouderwetse ingenieurs met zweetlucht en zonder idee hoe met vrouwen om te gaan.<\/p>\n\n\n\n<hr class=\"wp-block-separator\"\/>\n\n\n\n<p><a href=\"#_ftnref1\">[1]<\/a> waarin: \u2018ons bedrijf is failliet \u2013 je adviezen zijn vergeten, je rekeningen niet\u2019<\/p>\n\n\n\n<h1 class=\"wp-block-heading\">Het proces<\/h1>\n\n\n\n<p>In een aflevering van VPRO\u2019s zomergasten was een keer door glas te zien hoe Pablo Picasso een schilderij maakt. \u2019t Begint met een rondje, dat wordt voetbal en dan met een rondje ernaast twee vrouwenborsten. Dan komt er een staart aan \u00e9\u00e9n rondje en is het een vis geworden. Picasso blijft door vari\u00ebren, verf erover, groter, anders en aan het einde is er niets meer te herkennen van waar het mee begon. Zoiets gebeurt ook bij Cabarnet. Humor ligt natuurlijk op straat: kijk om je heen, zeg letterlijk na wat je iemand hebt horen zeggen, lees de krant en je hoeft het alleen handig bij elkaar te brengen. \u2019n Keer ging de dialoog moeiteloos van een beschrijving van de sinus naar de bocht die een schaatser met de klapschaats maakt, NUON-klapstroom was geboren, die met meer vaart door de nuldoorgang gaat en alleen moet uitkijken, dat hij op de piek niet uit de bocht vliegt. \u2019n Beetje inspelen op vooroordelen jegens allen die meer verdienen, managers &amp; consultants is ook wel handig. We willen het wel &nbsp;fijn houden, beter te suggereren, het leven is toch illusie.<\/p>\n","protected":false},"excerpt":{"rendered":"<p>Ontstaan Cabarnet Het tweejaarlijkse Cigr\u00e9 congres in Parijs kent een lange traditie, waar ook de Nederlandse avond in het restaurant Pr\u00e9catelan in het Bois de Boulogne toe hoort. De toenmalige drie groten van de Nederlandse elektrotechnische industrie: Coq, NKF en Smit boden telkens een diner aan de Nederlandse klanten aan; vanaf onderdirecteur van de elektriciteitsbedrijven &hellip; <a href=\"https:\/\/www.cabarnet.nl\/index.php\/cabarnet\/\" class=\"more-link\">Lees verder <span class=\"screen-reader-text\">cabarnet &#8211; Wie zijn wij?<\/span> <span class=\"meta-nav\">&rarr;<\/span><\/a><\/p>\n","protected":false},"author":1,"featured_media":35,"parent":0,"menu_order":30,"comment_status":"closed","ping_status":"closed","template":"","meta":{"footnotes":""},"class_list":["post-33","page","type-page","status-publish","has-post-thumbnail","hentry"],"yoast_head":"<!-- This site is optimized with the Yoast SEO plugin v27.4 - https:\/\/yoast.com\/product\/yoast-seo-wordpress\/ -->\n<title>cabarnet - Wie zijn wij? - Cabarnet, van nuts tot gepruts<\/title>\n<meta name=\"robots\" content=\"index, follow, max-snippet:-1, max-image-preview:large, max-video-preview:-1\" \/>\n<link rel=\"canonical\" href=\"http:\/\/www.cabarnet.nl\/index.php\/cabarnet\/\" \/>\n<meta property=\"og:locale\" content=\"nl_NL\" \/>\n<meta property=\"og:type\" content=\"article\" \/>\n<meta property=\"og:title\" content=\"cabarnet - Wie zijn wij? - Cabarnet, van nuts tot gepruts\" \/>\n<meta property=\"og:description\" content=\"Ontstaan Cabarnet Het tweejaarlijkse Cigr\u00e9 congres in Parijs kent een lange traditie, waar ook de Nederlandse avond in het restaurant Pr\u00e9catelan in het Bois de Boulogne toe hoort. De toenmalige drie groten van de Nederlandse elektrotechnische industrie: Coq, NKF en Smit boden telkens een diner aan de Nederlandse klanten aan; vanaf onderdirecteur van de elektriciteitsbedrijven &hellip; Lees verder cabarnet &#8211; Wie zijn wij? &rarr;\" \/>\n<meta property=\"og:url\" content=\"http:\/\/www.cabarnet.nl\/index.php\/cabarnet\/\" \/>\n<meta property=\"og:site_name\" content=\"Cabarnet, van nuts tot gepruts\" \/>\n<meta property=\"article:modified_time\" content=\"2020-07-19T20:57:56+00:00\" \/>\n<meta property=\"og:image\" content=\"http:\/\/www.cabarnet.nl\/wp-content\/uploads\/2020\/07\/cabarnet01b.jpg\" \/>\n\t<meta property=\"og:image:width\" content=\"328\" \/>\n\t<meta property=\"og:image:height\" content=\"198\" \/>\n\t<meta property=\"og:image:type\" content=\"image\/jpeg\" \/>\n<meta name=\"twitter:card\" content=\"summary_large_image\" \/>\n<meta name=\"twitter:label1\" content=\"Geschatte leestijd\" \/>\n\t<meta name=\"twitter:data1\" content=\"6 minuten\" \/>\n<script type=\"application\/ld+json\" class=\"yoast-schema-graph\">{\"@context\":\"https:\\\/\\\/schema.org\",\"@graph\":[{\"@type\":\"WebPage\",\"@id\":\"http:\\\/\\\/www.cabarnet.nl\\\/index.php\\\/cabarnet\\\/\",\"url\":\"http:\\\/\\\/www.cabarnet.nl\\\/index.php\\\/cabarnet\\\/\",\"name\":\"cabarnet - Wie zijn wij? - Cabarnet, van nuts tot gepruts\",\"isPartOf\":{\"@id\":\"https:\\\/\\\/www.cabarnet.nl\\\/#website\"},\"primaryImageOfPage\":{\"@id\":\"http:\\\/\\\/www.cabarnet.nl\\\/index.php\\\/cabarnet\\\/#primaryimage\"},\"image\":{\"@id\":\"http:\\\/\\\/www.cabarnet.nl\\\/index.php\\\/cabarnet\\\/#primaryimage\"},\"thumbnailUrl\":\"https:\\\/\\\/www.cabarnet.nl\\\/wp-content\\\/uploads\\\/2020\\\/07\\\/cabarnet01b.jpg\",\"datePublished\":\"2020-07-11T20:40:46+00:00\",\"dateModified\":\"2020-07-19T20:57:56+00:00\",\"breadcrumb\":{\"@id\":\"http:\\\/\\\/www.cabarnet.nl\\\/index.php\\\/cabarnet\\\/#breadcrumb\"},\"inLanguage\":\"nl-NL\",\"potentialAction\":[{\"@type\":\"ReadAction\",\"target\":[\"http:\\\/\\\/www.cabarnet.nl\\\/index.php\\\/cabarnet\\\/\"]}]},{\"@type\":\"ImageObject\",\"inLanguage\":\"nl-NL\",\"@id\":\"http:\\\/\\\/www.cabarnet.nl\\\/index.php\\\/cabarnet\\\/#primaryimage\",\"url\":\"https:\\\/\\\/www.cabarnet.nl\\\/wp-content\\\/uploads\\\/2020\\\/07\\\/cabarnet01b.jpg\",\"contentUrl\":\"https:\\\/\\\/www.cabarnet.nl\\\/wp-content\\\/uploads\\\/2020\\\/07\\\/cabarnet01b.jpg\",\"width\":328,\"height\":198},{\"@type\":\"BreadcrumbList\",\"@id\":\"http:\\\/\\\/www.cabarnet.nl\\\/index.php\\\/cabarnet\\\/#breadcrumb\",\"itemListElement\":[{\"@type\":\"ListItem\",\"position\":1,\"name\":\"Home\",\"item\":\"https:\\\/\\\/www.cabarnet.nl\\\/\"},{\"@type\":\"ListItem\",\"position\":2,\"name\":\"cabarnet &#8211; Wie zijn wij?\"}]},{\"@type\":\"WebSite\",\"@id\":\"https:\\\/\\\/www.cabarnet.nl\\\/#website\",\"url\":\"https:\\\/\\\/www.cabarnet.nl\\\/\",\"name\":\"Cabarnet, van nuts tot gepruts\",\"description\":\"of: hoe gaat het eigenlijk met de E-sector\",\"potentialAction\":[{\"@type\":\"SearchAction\",\"target\":{\"@type\":\"EntryPoint\",\"urlTemplate\":\"https:\\\/\\\/www.cabarnet.nl\\\/?s={search_term_string}\"},\"query-input\":{\"@type\":\"PropertyValueSpecification\",\"valueRequired\":true,\"valueName\":\"search_term_string\"}}],\"inLanguage\":\"nl-NL\"}]}<\/script>\n<!-- \/ Yoast SEO plugin. -->","yoast_head_json":{"title":"cabarnet - Wie zijn wij? - Cabarnet, van nuts tot gepruts","robots":{"index":"index","follow":"follow","max-snippet":"max-snippet:-1","max-image-preview":"max-image-preview:large","max-video-preview":"max-video-preview:-1"},"canonical":"http:\/\/www.cabarnet.nl\/index.php\/cabarnet\/","og_locale":"nl_NL","og_type":"article","og_title":"cabarnet - Wie zijn wij? - Cabarnet, van nuts tot gepruts","og_description":"Ontstaan Cabarnet Het tweejaarlijkse Cigr\u00e9 congres in Parijs kent een lange traditie, waar ook de Nederlandse avond in het restaurant Pr\u00e9catelan in het Bois de Boulogne toe hoort. De toenmalige drie groten van de Nederlandse elektrotechnische industrie: Coq, NKF en Smit boden telkens een diner aan de Nederlandse klanten aan; vanaf onderdirecteur van de elektriciteitsbedrijven &hellip; Lees verder cabarnet &#8211; Wie zijn wij? &rarr;","og_url":"http:\/\/www.cabarnet.nl\/index.php\/cabarnet\/","og_site_name":"Cabarnet, van nuts tot gepruts","article_modified_time":"2020-07-19T20:57:56+00:00","og_image":[{"width":328,"height":198,"url":"http:\/\/www.cabarnet.nl\/wp-content\/uploads\/2020\/07\/cabarnet01b.jpg","type":"image\/jpeg"}],"twitter_card":"summary_large_image","twitter_misc":{"Geschatte leestijd":"6 minuten"},"schema":{"@context":"https:\/\/schema.org","@graph":[{"@type":"WebPage","@id":"http:\/\/www.cabarnet.nl\/index.php\/cabarnet\/","url":"http:\/\/www.cabarnet.nl\/index.php\/cabarnet\/","name":"cabarnet - Wie zijn wij? - Cabarnet, van nuts tot gepruts","isPartOf":{"@id":"https:\/\/www.cabarnet.nl\/#website"},"primaryImageOfPage":{"@id":"http:\/\/www.cabarnet.nl\/index.php\/cabarnet\/#primaryimage"},"image":{"@id":"http:\/\/www.cabarnet.nl\/index.php\/cabarnet\/#primaryimage"},"thumbnailUrl":"https:\/\/www.cabarnet.nl\/wp-content\/uploads\/2020\/07\/cabarnet01b.jpg","datePublished":"2020-07-11T20:40:46+00:00","dateModified":"2020-07-19T20:57:56+00:00","breadcrumb":{"@id":"http:\/\/www.cabarnet.nl\/index.php\/cabarnet\/#breadcrumb"},"inLanguage":"nl-NL","potentialAction":[{"@type":"ReadAction","target":["http:\/\/www.cabarnet.nl\/index.php\/cabarnet\/"]}]},{"@type":"ImageObject","inLanguage":"nl-NL","@id":"http:\/\/www.cabarnet.nl\/index.php\/cabarnet\/#primaryimage","url":"https:\/\/www.cabarnet.nl\/wp-content\/uploads\/2020\/07\/cabarnet01b.jpg","contentUrl":"https:\/\/www.cabarnet.nl\/wp-content\/uploads\/2020\/07\/cabarnet01b.jpg","width":328,"height":198},{"@type":"BreadcrumbList","@id":"http:\/\/www.cabarnet.nl\/index.php\/cabarnet\/#breadcrumb","itemListElement":[{"@type":"ListItem","position":1,"name":"Home","item":"https:\/\/www.cabarnet.nl\/"},{"@type":"ListItem","position":2,"name":"cabarnet &#8211; Wie zijn wij?"}]},{"@type":"WebSite","@id":"https:\/\/www.cabarnet.nl\/#website","url":"https:\/\/www.cabarnet.nl\/","name":"Cabarnet, van nuts tot gepruts","description":"of: hoe gaat het eigenlijk met de E-sector","potentialAction":[{"@type":"SearchAction","target":{"@type":"EntryPoint","urlTemplate":"https:\/\/www.cabarnet.nl\/?s={search_term_string}"},"query-input":{"@type":"PropertyValueSpecification","valueRequired":true,"valueName":"search_term_string"}}],"inLanguage":"nl-NL"}]}},"_links":{"self":[{"href":"https:\/\/www.cabarnet.nl\/index.php\/wp-json\/wp\/v2\/pages\/33","targetHints":{"allow":["GET"]}}],"collection":[{"href":"https:\/\/www.cabarnet.nl\/index.php\/wp-json\/wp\/v2\/pages"}],"about":[{"href":"https:\/\/www.cabarnet.nl\/index.php\/wp-json\/wp\/v2\/types\/page"}],"author":[{"embeddable":true,"href":"https:\/\/www.cabarnet.nl\/index.php\/wp-json\/wp\/v2\/users\/1"}],"replies":[{"embeddable":true,"href":"https:\/\/www.cabarnet.nl\/index.php\/wp-json\/wp\/v2\/comments?post=33"}],"version-history":[{"count":0,"href":"https:\/\/www.cabarnet.nl\/index.php\/wp-json\/wp\/v2\/pages\/33\/revisions"}],"wp:featuredmedia":[{"embeddable":true,"href":"https:\/\/www.cabarnet.nl\/index.php\/wp-json\/wp\/v2\/media\/35"}],"wp:attachment":[{"href":"https:\/\/www.cabarnet.nl\/index.php\/wp-json\/wp\/v2\/media?parent=33"}],"curies":[{"name":"wp","href":"https:\/\/api.w.org\/{rel}","templated":true}]}}